{"id":3140,"date":"2025-03-28T17:36:44","date_gmt":"2025-03-28T16:36:44","guid":{"rendered":"https:\/\/www.babkadeli.hu\/?post_type=product&#038;p=3140"},"modified":"2026-04-03T17:14:22","modified_gmt":"2026-04-03T15:14:22","slug":"fustolt-mangalica-kolbasz-vari-es-tarsai-1kg","status":"publish","type":"product","link":"https:\/\/www.babkadeli.hu\/en\/termek\/fustolt-mangalica-kolbasz-vari-es-tarsai-1kg\/","title":{"rendered":"F\u00fcst\u00f6lt mangalica kolb\u00e1sz &#8211; V\u00e1ri \u00e9s T\u00e1rsai (500g)"},"content":{"rendered":"<p>A V\u00e1ri \u00e9s T\u00e1rsai Sv\u00e1bh\u00fas csal\u00e1di hentesmanufakt\u00far\u00e1j\u00e1b\u00f3l min\u0151s\u00e9gi sv\u00e1b h\u00fas\u00e1ruk \u00e9rkeznek, melyek mind hagyom\u00e1nyos p\u00e1col\u00e1ssal \u00e9s f\u00fcst\u00f6l\u00e9ssel k\u00e9sz\u00fclnek.<\/p>\n<p>A kolb\u00e1szokat nem v\u00e1gjuk el, ez\u00e9rt a rendelt s\u00faly a val\u00f3s\u00e1gban kis m\u00e9rt\u00e9kben elt\u00e9rhet. Az esetleges s\u00falyk\u00fcl\u00f6nb\u00f6zetet az \u00e1tv\u00e9telkor a pultn\u00e1l sz\u00fcks\u00e9ges rendezni.<\/p>\n<p>500g-os kiszerel\u00e9sben.<\/p>\n<p>7500Ft\/kg<\/p>\n<p>&nbsp;<\/p>\n","protected":false},"excerpt":{"rendered":"<p>A V\u00e1ri \u00e9s T\u00e1rsai Sv\u00e1bh\u00fas csal\u00e1di hentesmanufakt\u00far\u00e1j\u00e1b\u00f3l min\u0151s\u00e9gi sv\u00e1b h\u00fas\u00e1ruk \u00e9rkeznek, melyek mind hagyom\u00e1nyos p\u00e1col\u00e1ssal \u00e9s f\u00fcst\u00f6l\u00e9ssel k\u00e9sz\u00fclnek. A kolb\u00e1szokat nem v\u00e1gjuk el, ez\u00e9rt a rendelt s\u00faly a val\u00f3s\u00e1gban kis [&hellip;]<\/p>\n","protected":false},"featured_media":3141,"template":"","meta":{"_et_pb_use_builder":"","_et_pb_old_content":"","_et_gb_content_width":""},"product_brand":[],"product_cat":[36,37],"product_tag":[],"class_list":{"0":"post-3140","1":"product","2":"type-product","3":"status-publish","4":"has-post-thumbnail","6":"product_cat-husveti-ajanlatok","7":"product_cat-husveti-sonkak","8":"product_shipping_class-logisztikai-koltseg-mpl-eseten","10":"first","11":"instock","12":"taxable","13":"shipping-taxable","14":"purchasable","15":"product-type-variable"},"composite_virtual":false,"composite_layout":"","composite_add_to_cart_form_location":"","composite_editable_in_cart":false,"composite_sold_individually_context":"","composite_shop_price_calc":"","composite_components":[],"composite_scenarios":[],"yoast_head":"<!-- This site is optimized with the Yoast SEO plugin v27.5 - https:\/\/yoast.com\/product\/yoast-seo-wordpress\/ -->\n<title>F\u00fcst\u00f6lt mangalica kolb\u00e1sz - V\u00e1ri \u00e9s T\u00e1rsai (500g) - Babka Deli<\/title>\n<meta name=\"robots\" content=\"index, follow, max-snippet:-1, max-image-preview:large, max-video-preview:-1\" \/>\n<link rel=\"canonical\" href=\"https:\/\/www.babkadeli.hu\/termek\/fustolt-mangalica-kolbasz-vari-es-tarsai-1kg\/\" \/>\n<meta property=\"og:locale\" content=\"en_US\" \/>\n<meta property=\"og:type\" content=\"article\" \/>\n<meta property=\"og:title\" content=\"F\u00fcst\u00f6lt mangalica kolb\u00e1sz - V\u00e1ri \u00e9s T\u00e1rsai (500g) - Babka Deli\" \/>\n<meta property=\"og:description\" content=\"A V\u00e1ri \u00e9s T\u00e1rsai Sv\u00e1bh\u00fas csal\u00e1di hentesmanufakt\u00far\u00e1j\u00e1b\u00f3l min\u0151s\u00e9gi sv\u00e1b h\u00fas\u00e1ruk \u00e9rkeznek, melyek mind hagyom\u00e1nyos p\u00e1col\u00e1ssal \u00e9s f\u00fcst\u00f6l\u00e9ssel k\u00e9sz\u00fclnek. A kolb\u00e1szokat nem v\u00e1gjuk el, ez\u00e9rt a rendelt s\u00faly a val\u00f3s\u00e1gban kis [&hellip;]\" \/>\n<meta property=\"og:url\" content=\"https:\/\/www.babkadeli.hu\/termek\/fustolt-mangalica-kolbasz-vari-es-tarsai-1kg\/\" \/>\n<meta property=\"og:site_name\" content=\"Babka Deli\" \/>\n<meta property=\"article:modified_time\" content=\"2026-04-03T15:14:22+00:00\" \/>\n<meta property=\"og:image\" content=\"https:\/\/www.babkadeli.hu\/wp-content\/uploads\/2025\/03\/Svab-Fustolt-Mangalica-Kolbasz-_-husvet.jpeg\" \/>\n\t<meta property=\"og:image:width\" content=\"1080\" \/>\n\t<meta property=\"og:image:height\" content=\"1620\" \/>\n\t<meta property=\"og:image:type\" content=\"image\/jpeg\" \/>\n<meta name=\"twitter:card\" content=\"summary_large_image\" \/>\n<meta name=\"twitter:label1\" content=\"Est. reading time\" \/>\n\t<meta name=\"twitter:data1\" content=\"1 minute\" \/>\n<script type=\"application\/ld+json\" class=\"yoast-schema-graph\">{\"@context\":\"https:\\\/\\\/schema.org\",\"@graph\":[{\"@type\":\"WebPage\",\"@id\":\"https:\\\/\\\/www.babkadeli.hu\\\/termek\\\/fustolt-mangalica-kolbasz-vari-es-tarsai-1kg\\\/\",\"url\":\"https:\\\/\\\/www.babkadeli.hu\\\/termek\\\/fustolt-mangalica-kolbasz-vari-es-tarsai-1kg\\\/\",\"name\":\"F\u00fcst\u00f6lt mangalica kolb\u00e1sz - V\u00e1ri \u00e9s T\u00e1rsai (500g) - Babka Deli\",\"isPartOf\":{\"@id\":\"https:\\\/\\\/www.babkadeli.hu\\\/#website\"},\"primaryImageOfPage\":{\"@id\":\"https:\\\/\\\/www.babkadeli.hu\\\/termek\\\/fustolt-mangalica-kolbasz-vari-es-tarsai-1kg\\\/#primaryimage\"},\"image\":{\"@id\":\"https:\\\/\\\/www.babkadeli.hu\\\/termek\\\/fustolt-mangalica-kolbasz-vari-es-tarsai-1kg\\\/#primaryimage\"},\"thumbnailUrl\":\"https:\\\/\\\/www.babkadeli.hu\\\/wp-content\\\/uploads\\\/2025\\\/03\\\/Svab-Fustolt-Mangalica-Kolbasz-_-husvet.jpeg\",\"datePublished\":\"2025-03-28T16:36:44+00:00\",\"dateModified\":\"2026-04-03T15:14:22+00:00\",\"breadcrumb\":{\"@id\":\"https:\\\/\\\/www.babkadeli.hu\\\/termek\\\/fustolt-mangalica-kolbasz-vari-es-tarsai-1kg\\\/#breadcrumb\"},\"inLanguage\":\"en-US\",\"potentialAction\":[{\"@type\":\"ReadAction\",\"target\":[\"https:\\\/\\\/www.babkadeli.hu\\\/termek\\\/fustolt-mangalica-kolbasz-vari-es-tarsai-1kg\\\/\"]}]},{\"@type\":\"ImageObject\",\"inLanguage\":\"en-US\",\"@id\":\"https:\\\/\\\/www.babkadeli.hu\\\/termek\\\/fustolt-mangalica-kolbasz-vari-es-tarsai-1kg\\\/#primaryimage\",\"url\":\"https:\\\/\\\/www.babkadeli.hu\\\/wp-content\\\/uploads\\\/2025\\\/03\\\/Svab-Fustolt-Mangalica-Kolbasz-_-husvet.jpeg\",\"contentUrl\":\"https:\\\/\\\/www.babkadeli.hu\\\/wp-content\\\/uploads\\\/2025\\\/03\\\/Svab-Fustolt-Mangalica-Kolbasz-_-husvet.jpeg\",\"width\":1080,\"height\":1620},{\"@type\":\"BreadcrumbList\",\"@id\":\"https:\\\/\\\/www.babkadeli.hu\\\/termek\\\/fustolt-mangalica-kolbasz-vari-es-tarsai-1kg\\\/#breadcrumb\",\"itemListElement\":[{\"@type\":\"ListItem\",\"position\":1,\"name\":\"Home\",\"item\":\"https:\\\/\\\/www.babkadeli.hu\\\/en\\\/\"},{\"@type\":\"ListItem\",\"position\":2,\"name\":\"Shop\",\"item\":\"https:\\\/\\\/www.babkadeli.hu\\\/en\\\/shop\\\/\"},{\"@type\":\"ListItem\",\"position\":3,\"name\":\"F\u00fcst\u00f6lt mangalica kolb\u00e1sz &#8211; V\u00e1ri \u00e9s T\u00e1rsai (500g)\"}]},{\"@type\":\"WebSite\",\"@id\":\"https:\\\/\\\/www.babkadeli.hu\\\/#website\",\"url\":\"https:\\\/\\\/www.babkadeli.hu\\\/\",\"name\":\"Babka Deli\",\"description\":\"\",\"potentialAction\":[{\"@type\":\"SearchAction\",\"target\":{\"@type\":\"EntryPoint\",\"urlTemplate\":\"https:\\\/\\\/www.babkadeli.hu\\\/?s={search_term_string}\"},\"query-input\":{\"@type\":\"PropertyValueSpecification\",\"valueRequired\":true,\"valueName\":\"search_term_string\"}}],\"inLanguage\":\"en-US\"}]}<\/script>\n<!-- \/ Yoast SEO plugin. -->","yoast_head_json":{"title":"F\u00fcst\u00f6lt mangalica kolb\u00e1sz - V\u00e1ri \u00e9s T\u00e1rsai (500g) - Babka Deli","robots":{"index":"index","follow":"follow","max-snippet":"max-snippet:-1","max-image-preview":"max-image-preview:large","max-video-preview":"max-video-preview:-1"},"canonical":"https:\/\/www.babkadeli.hu\/termek\/fustolt-mangalica-kolbasz-vari-es-tarsai-1kg\/","og_locale":"en_US","og_type":"article","og_title":"F\u00fcst\u00f6lt mangalica kolb\u00e1sz - V\u00e1ri \u00e9s T\u00e1rsai (500g) - Babka Deli","og_description":"A V\u00e1ri \u00e9s T\u00e1rsai Sv\u00e1bh\u00fas csal\u00e1di hentesmanufakt\u00far\u00e1j\u00e1b\u00f3l min\u0151s\u00e9gi sv\u00e1b h\u00fas\u00e1ruk \u00e9rkeznek, melyek mind hagyom\u00e1nyos p\u00e1col\u00e1ssal \u00e9s f\u00fcst\u00f6l\u00e9ssel k\u00e9sz\u00fclnek. A kolb\u00e1szokat nem v\u00e1gjuk el, ez\u00e9rt a rendelt s\u00faly a val\u00f3s\u00e1gban kis [&hellip;]","og_url":"https:\/\/www.babkadeli.hu\/termek\/fustolt-mangalica-kolbasz-vari-es-tarsai-1kg\/","og_site_name":"Babka Deli","article_modified_time":"2026-04-03T15:14:22+00:00","og_image":[{"width":1080,"height":1620,"url":"https:\/\/www.babkadeli.hu\/wp-content\/uploads\/2025\/03\/Svab-Fustolt-Mangalica-Kolbasz-_-husvet.jpeg","type":"image\/jpeg"}],"twitter_card":"summary_large_image","twitter_misc":{"Est. reading time":"1 minute"},"schema":{"@context":"https:\/\/schema.org","@graph":[{"@type":"WebPage","@id":"https:\/\/www.babkadeli.hu\/termek\/fustolt-mangalica-kolbasz-vari-es-tarsai-1kg\/","url":"https:\/\/www.babkadeli.hu\/termek\/fustolt-mangalica-kolbasz-vari-es-tarsai-1kg\/","name":"F\u00fcst\u00f6lt mangalica kolb\u00e1sz - V\u00e1ri \u00e9s T\u00e1rsai (500g) - Babka Deli","isPartOf":{"@id":"https:\/\/www.babkadeli.hu\/#website"},"primaryImageOfPage":{"@id":"https:\/\/www.babkadeli.hu\/termek\/fustolt-mangalica-kolbasz-vari-es-tarsai-1kg\/#primaryimage"},"image":{"@id":"https:\/\/www.babkadeli.hu\/termek\/fustolt-mangalica-kolbasz-vari-es-tarsai-1kg\/#primaryimage"},"thumbnailUrl":"https:\/\/www.babkadeli.hu\/wp-content\/uploads\/2025\/03\/Svab-Fustolt-Mangalica-Kolbasz-_-husvet.jpeg","datePublished":"2025-03-28T16:36:44+00:00","dateModified":"2026-04-03T15:14:22+00:00","breadcrumb":{"@id":"https:\/\/www.babkadeli.hu\/termek\/fustolt-mangalica-kolbasz-vari-es-tarsai-1kg\/#breadcrumb"},"inLanguage":"en-US","potentialAction":[{"@type":"ReadAction","target":["https:\/\/www.babkadeli.hu\/termek\/fustolt-mangalica-kolbasz-vari-es-tarsai-1kg\/"]}]},{"@type":"ImageObject","inLanguage":"en-US","@id":"https:\/\/www.babkadeli.hu\/termek\/fustolt-mangalica-kolbasz-vari-es-tarsai-1kg\/#primaryimage","url":"https:\/\/www.babkadeli.hu\/wp-content\/uploads\/2025\/03\/Svab-Fustolt-Mangalica-Kolbasz-_-husvet.jpeg","contentUrl":"https:\/\/www.babkadeli.hu\/wp-content\/uploads\/2025\/03\/Svab-Fustolt-Mangalica-Kolbasz-_-husvet.jpeg","width":1080,"height":1620},{"@type":"BreadcrumbList","@id":"https:\/\/www.babkadeli.hu\/termek\/fustolt-mangalica-kolbasz-vari-es-tarsai-1kg\/#breadcrumb","itemListElement":[{"@type":"ListItem","position":1,"name":"Home","item":"https:\/\/www.babkadeli.hu\/en\/"},{"@type":"ListItem","position":2,"name":"Shop","item":"https:\/\/www.babkadeli.hu\/en\/shop\/"},{"@type":"ListItem","position":3,"name":"F\u00fcst\u00f6lt mangalica kolb\u00e1sz &#8211; V\u00e1ri \u00e9s T\u00e1rsai (500g)"}]},{"@type":"WebSite","@id":"https:\/\/www.babkadeli.hu\/#website","url":"https:\/\/www.babkadeli.hu\/","name":"Babka Deli","description":"","potentialAction":[{"@type":"SearchAction","target":{"@type":"EntryPoint","urlTemplate":"https:\/\/www.babkadeli.hu\/?s={search_term_string}"},"query-input":{"@type":"PropertyValueSpecification","valueRequired":true,"valueName":"search_term_string"}}],"inLanguage":"en-US"}]}},"_links":{"self":[{"href":"https:\/\/www.babkadeli.hu\/en\/wp-json\/wp\/v2\/product\/3140","targetHints":{"allow":["GET"]}}],"collection":[{"href":"https:\/\/www.babkadeli.hu\/en\/wp-json\/wp\/v2\/product"}],"about":[{"href":"https:\/\/www.babkadeli.hu\/en\/wp-json\/wp\/v2\/types\/product"}],"wp:featuredmedia":[{"embeddable":true,"href":"https:\/\/www.babkadeli.hu\/en\/wp-json\/wp\/v2\/media\/3141"}],"wp:attachment":[{"href":"https:\/\/www.babkadeli.hu\/en\/wp-json\/wp\/v2\/media?parent=3140"}],"wp:term":[{"taxonomy":"product_brand","embeddable":true,"href":"https:\/\/www.babkadeli.hu\/en\/wp-json\/wp\/v2\/product_brand?post=3140"},{"taxonomy":"product_cat","embeddable":true,"href":"https:\/\/www.babkadeli.hu\/en\/wp-json\/wp\/v2\/product_cat?post=3140"},{"taxonomy":"product_tag","embeddable":true,"href":"https:\/\/www.babkadeli.hu\/en\/wp-json\/wp\/v2\/product_tag?post=3140"}],"curies":[{"name":"wp","href":"https:\/\/api.w.org\/{rel}","templated":true}]}}