{"id":877,"date":"2024-02-27T12:16:47","date_gmt":"2024-02-27T11:16:47","guid":{"rendered":"https:\/\/www.babkadeli.hu\/esemenyek\/"},"modified":"2024-03-05T23:03:54","modified_gmt":"2024-03-05T22:03:54","slug":"babka-events","status":"publish","type":"page","link":"https:\/\/www.babkadeli.hu\/en\/babka-events\/","title":{"rendered":"Events"},"content":{"rendered":"<p>[et_pb_section fb_built=&#8221;1&#8243; custom_padding_last_edited=&#8221;on|phone&#8221; module_id=&#8221;szolgaltatasaink&#8221; _builder_version=&#8221;4.24.2&#8243; _module_preset=&#8221;default&#8221; background_enable_color=&#8221;off&#8221; background_image=&#8221;https:\/\/www.babkadeli.hu\/wp-content\/uploads\/2024\/03\/Babka-Deli-14-1.jpg&#8221; custom_padding=&#8221;150px||150px||true|false&#8221; custom_padding_tablet=&#8221;150px||150px||true|false&#8221; custom_padding_phone=&#8221;100px||100px||true|false&#8221; global_colors_info=&#8221;{}&#8221;][et_pb_row _builder_version=&#8221;4.24.2&#8243; _module_preset=&#8221;default&#8221; background_color=&#8221;#e6007e&#8221; width=&#8221;50%&#8221; width_tablet=&#8221;70%&#8221; width_phone=&#8221;80%&#8221; width_last_edited=&#8221;on|phone&#8221; max_width=&#8221;2560px&#8221; module_alignment=&#8221;left&#8221; custom_margin=&#8221;||||false|false&#8221; custom_padding=&#8221;||||false|false&#8221; global_colors_info=&#8221;{}&#8221;][et_pb_column type=&#8221;4_4&#8243; _builder_version=&#8221;4.18.0&#8243; _module_preset=&#8221;default&#8221; global_colors_info=&#8221;{}&#8221;][et_pb_text _builder_version=&#8221;4.24.2&#8243; _module_preset=&#8221;default&#8221; text_font=&#8221;Raleway|800||on|||||&#8221; text_text_color=&#8221;#FFFFFF&#8221; text_font_size=&#8221;34px&#8221; text_letter_spacing=&#8221;1px&#8221; text_orientation=&#8221;center&#8221; max_width=&#8221;60%&#8221; module_alignment=&#8221;left&#8221; custom_margin=&#8221;||||false|false&#8221; custom_padding=&#8221;||||false|false&#8221; text_font_size_tablet=&#8221;24px&#8221; text_font_size_phone=&#8221;20px&#8221; text_font_size_last_edited=&#8221;on|phone&#8221; text_orientation_tablet=&#8221;center&#8221; text_orientation_phone=&#8221;&#8221; text_orientation_last_edited=&#8221;on|desktop&#8221; global_colors_info=&#8221;{}&#8221;]<\/p>\n<p>Events<\/p>\n<p>[\/et_pb_text][\/et_pb_column][\/et_pb_row][\/et_pb_section][et_pb_section fb_built=&#8221;1&#8243; module_id=&#8221;szolgaltatasaink&#8221; _builder_version=&#8221;4.18.0&#8243; _module_preset=&#8221;default&#8221; background_enable_color=&#8221;off&#8221; global_colors_info=&#8221;{}&#8221;][et_pb_row _builder_version=&#8221;4.18.0&#8243; _module_preset=&#8221;default&#8221; global_colors_info=&#8221;{}&#8221;][et_pb_column type=&#8221;4_4&#8243; _builder_version=&#8221;4.18.0&#8243; _module_preset=&#8221;default&#8221; global_colors_info=&#8221;{}&#8221;][decm_event_display recurrence_number=&#8221;3&#8243; date_detail_label=&#8221;D\u00e1tum&#8221; date_format=&#8221;Y. F j.&#8221; details_time_label=&#8221;Id\u0151pont&#8221; show_venue=&#8221;off&#8221; show_name=&#8221;off&#8221; show_price=&#8221;off&#8221; show_category=&#8221;off&#8221; show_tag=&#8221;off&#8221; hide_comma_tag=&#8221;off&#8221; show_weburl=&#8221;off&#8221; callout_date_format=&#8221;Y. F j.&#8221; show_callout_month=&#8221;off&#8221; open_toggle_background_color=&#8221;#FFFFFF&#8221; details_icon_color=&#8221;#e6007e&#8221; event_inner_spacing=&#8221;||2%||false|false&#8221; view_more_text=&#8221;Tov\u00e1bbi inform\u00e1ci\u00f3&#8221; _builder_version=&#8221;4.24.2&#8243; _module_preset=&#8221;default&#8221; title_font=&#8221;Raleway|700||on|||||&#8221; title_text_align=&#8221;center&#8221; title_text_color=&#8221;#e6007e&#8221; title_font_size=&#8221;20px&#8221; duration_text_align=&#8221;center&#8221; callout_date_text_color=&#8221;#e6007e&#8221; callout_date_font_size=&#8221;18px&#8221; custom_view_more=&#8221;on&#8221; view_more_text_size=&#8221;16px&#8221; view_more_text_color=&#8221;#FFFFFF&#8221; view_more_bg_color=&#8221;#e6007e&#8221; view_more_border_color=&#8221;#e6007e&#8221; view_more_border_radius=&#8221;8px&#8221; view_more_font=&#8221;|600||on|||||&#8221; view_more_icon=&#8221;&#x39;||divi||400&#8243; view_more_icon_color=&#8221;#FFFFFF&#8221; view_more_alignment=&#8221;center&#8221; border_radii_event_border=&#8221;on|20px|20px|20px|20px&#8221; border_width_all_event_border=&#8221;4px&#8221; border_style_all_event_border=&#8221;double&#8221; box_shadow_style_event_box_shadow=&#8221;preset2&#8243; box_shadow_style_view_more=&#8221;preset2&#8243; global_colors_info=&#8221;{}&#8221;][\/decm_event_display][\/et_pb_column][\/et_pb_row][\/et_pb_section]<\/p>\n","protected":false},"excerpt":{"rendered":"<p>Events<div class=\"et_pb_with_border et_pb_module decm_event_display decm_event_display_0 et_pb_bg_layout_ \">\n\t\t\t\t\n\t\t\t\t\n\t\t\t\t\n\t\t\t\t\n\t\t\t\t\n\t\t\t\t\n\t\t\t\t<div class=\"et_pb_module_inner\">\n\t\t\t\t\t\r\n\t\t\t\t<style><\/style><div class=\" \">\r\n\t\t\t\t\t\r\n\t\t\t\t\t\r\n\t\t\t\t\t<div class= \"\">\r\n\t\t\t\t\t\t<div class=\"events-results-message\">There are no upcoming events at this time.<\/div>\r\n\t\t<input type=\"hidden\" name=\"dec-eventfeed-future-past\" id=\"dec-eventfeed-future-past\" value=\"\">\r\n\t\t<input type=\"hidden\" name=\"eventfeed_prev_page\" id=\"eventfeed_prev_page\" value=\"0\">\r\n\t\t<input type=\"hidden\" name=\"eventfeed_current_page\" id=\"eventfeed_current_page\" value=\"1\">\r\n\t\t<input type=\"hidden\" name=\"eventfeed_page\" id=\"eventfeed_page\" value=\"load_more\">\r\n\t\t<input type=\"hidden\" name=\"eventfeed_current_pagination_page\" id=\"eventfeed_current_pagination_page\" value=\"1\">\r\n\t\t<input type=\"hidden\" name=\"module_css_feed\" id=\"module_css_feed\" value=\"\">\r\n\t\t<input type=\"hidden\" name=\"module-css-class\" id=\"module-css-class\" value=\"\" \/>\r\n\t\t<input type=\"hidden\" name=\"dec-eventfeed-category\" id=\"dec-eventfeed-category\" value=\"\">\r\n\t\t<input type=\"hidden\" name=\"dec-eventfeed-tag\" id=\"dec-eventfeed-tag\" value=\"\">\r\n\t\t<input type=\"hidden\" name=\"dec-eventfeed-order\" id=\"dec-eventfeed-order\" value=\"\">\r\n\t\t<input type=\"hidden\" name=\"dec-eventfeed-venue\" id=\"dec-eventfeed-venue\" value=\"\">\r\n\t\t<input type=\"hidden\" name=\"dec-eventfeed-organizer\" id=\"dec-eventfeed-organizer\" value=\"\">\r\n\t\t<input type=\"hidden\" name=\"dec-filter-search\" id=\"dec-filter-search\" value=\"\">\r\n\t\t<input type=\"hidden\" name=\"dec-eventfeed-time\" id=\"dec-eventfeed-time\" value=\"\">\r\n\t\t<input type=\"hidden\" name=\"dec-eventfeed-day\" id=\"dec-eventfeed-day\" value=\"\">\r\n\t\t<input type=\"hidden\" name=\"dec-eventfeed-month\" id=\"dec-eventfeed-month\" value=\"\">\r\n\t\t<input type=\"hidden\" name=\"dec-eventfeed-year\" id=\"dec-eventfeed-year\" value=\"\">\r\n\t\t<input type=\"hidden\" name=\"dec-eventfeed-recurring\" id=\"dec-eventfeed-recurring\" value=\"\">\r\n\t\t<input type=\"hidden\" name=\"EventcostMin\" id=\"EventcostMin\" value=\"\">\r\n\t\t<input type=\"hidden\" name=\"EventcostMax\" id=\"EventcostMax\" value=\"\">\r\n\t\t<input type=\"hidden\" name=\"EventendDate\" id=\"EventendDate\" value=\"\">\r\n\t\t<input type=\"hidden\" name=\"EventstartDate\" id=\"EventstartDate\" value=\"\">\r\n\t\t<input type=\"hidden\" name=\"dec-eventfeed-country\" id=\"dec-eventfeed-country\" value=\"\">\r\n\t\t<input type=\"hidden\" name=\"dec-eventfeed-city\" id=\"dec-eventfeed-city\" value=\"\">\r\n\t\t<input type=\"hidden\" name=\"dec-eventfeed-state\" id=\"dec-eventfeed-state\" value=\"\">\r\n\t\t<input type=\"hidden\" name=\"dec-eventfeed-status\" id=\"dec-eventfeed-status\" value=\"\">\r\n\t\t<input type=\"hidden\" name=\"dec-eventfeed-address\" id=\"dec-eventfeed-address\" value=\"\">\r\n\t\t<input type=\"hidden\" name=\"dec-eventfeed-module-class\" id=\"dec-eventfeed-module-class\" value=\".decm_event_display_0\">\r\n\t\t<input type=\"hidden\" name=\"dec-eventfeed-page-translation\" id=\"dec-eventfeed-page-translation\" value=\"Page\">\r\n\t\t<input type=\"hidden\" name=\"dec-eventfeed-first-translation\" id=\"dec-eventfeed-first-translation\" value=\"First\">\r\n\t\t<input type=\"hidden\" name=\"dec-eventfeed-last-translation\" id=\"dec-eventfeed-last-translation\" value=\"Last\">\r\n\t\t<input type=\"hidden\" name=\"eventfeed_max_page\" id=\"eventfeed_max_page\" value=\"0\"><input type=\"hidden\" name=\"eventfeed_load_img\" id=\"eventfeed_load_img\" value=\"https:\/\/www.babkadeli.hu\/wp-content\/plugins\/divi-event-calendar-module\/includes\/modules\/EventDisplay\/ajax-loader.gif\">\r\n\t\t\t\t\t<\/div>\r\n\t\t\t\t<\/div>\r\n\t\t\t\t<script>\r\n\r\n\t\t\t\t\r\n\t\t\t\tjQuery(document).ready(function($) {\r\n\r\n\r\n\t\t\t\t\t$('.ecs-event-pagination').on(\"click\", \"a\", function () {\r\n\t\t\t\t\t\tevent.preventDefault();\r\n\t\t\t\t\t\t$('#eventfeed_current_pagination_page').val();\r\n\t\t\t\t\t\t$(\"input[name='eventfeed_current_pagination_page']\").val($(this).attr(\"pn\"));\r\n\t\t\t\t\t\tsetTimeout(() => {\r\n\t\t\t\t\t\t\tcheckImagesLoad();\r\n\t\t\t\t\t\t}, 2000); \r\n\t\t\t\t\t});\t    \t\r\n\t\r\n\t\t\t\t\t$('.decm_event_display_0').addClass(\"\");\r\n\t\t\t\t\r\n\t\t\t\r\n\r\n\t\t\tvar setHeightColumns = function(){ \r\n\t\t\t\tvar column_loop_row = 0;\r\n\t\t\t\tvar column_height = 0;\r\n\t\t\t\tvar overlay_height = 0;\r\n\t\t\t\tvar ids = [];\r\n\t\t\t\tvar total_Count = 0;\r\n\t\t\t\tvar total_Events = jQuery('.decm_event_display_0 .ecs-event-posts').length; \r\n\t\t\t\tjQuery('.decm_event_display_0 .ecs-event-posts').each(function(){\r\n\t\t\t\t++column_loop_row;\r\n\t\t\t\t++total_Count;\r\n\t\t\t\tvar Event_id = jQuery(this).children('article')[0].id;\r\n\t\t\t\tids.push(Event_id);\r\n\t\t\t\tcolumn_height = jQuery(this).find('#'+Event_id).children('.row').height() >= column_height ? jQuery(this).find('#'+Event_id).children('.row').height() : column_height;\r\n\t\t\t\toverlay_height =\r\n\t\t\t\tjQuery(this).find('.decm-cover-overlay-details').height() >= overlay_height ? jQuery(this).find('.decm-cover-image-overlay').height() : overlay_height;\r\n\t\t\t\tif(column_loop_row == 3 || total_Count == total_Events)\r\n\t\t\t\t{     \r\n\t\t\t\t\tids.map(function(id,index){\r\n\t\t\t\t\t\tvar tempHeight = parseInt(column_height) - parseInt(jQuery('.decm_event_display_0 #'+id+' .row > div:first-child').height());jQuery('.decm_event_display_0 #'+id+' .row > div > div:last-child').css('height',\"auto\");\r\n\t\t\t\t\t\t\r\n\t\t\t\t\t});  \r\n\t\t\t\t\tcolumn_loop_row = 0;\r\n\t\t\t\t\tcolumn_height = 0;\r\n\t\t\t\t\tids = [];\r\n\t\t\t\t}\r\n\t\t\t\t});\r\n\t\t\t\t\r\n\t\t\t}\r\n\t\tvar checkImagesLoad = function(){\r\n\t\t\r\n\t\t\r\n\t\tPromise.all(\r\n\t\t\tArray.from(jQuery(\".decm_event_display_0 .ecs-event-posts img\")).\r\n\t\t\t\tfilter(img => !img.complete).\r\n\t\t\t\tmap(img => new Promise(resolve => {\r\n\t\t\t\t\t\timg.onload = img.onerror = resolve; \r\n\t\t\t\t\t}))).then(() => {\r\n\t\t\t\t\t\tsetHeightColumns();\r\n\t\t\t\t\t});\r\n\t\t\t\t\t\r\n\t\t\t\t\/*var imgs  = jQuery(\".decm_event_display_0_tb_body .ecs-event-posts img\"),\r\n\t\t\t\tlen = imgs.length,\r\n\t\t\t\tcounter = 0;\r\n\t\t\t\t[].forEach.call( imgs, function( img ) {\r\n\t\t\t\t\tif(img.complete)\r\n\t\t\t\t\t  incrementCounter();\r\n\t\t\t\t\telse\r\n\t\t\t\t\t  img.addEventListener( \"load\", incrementCounter, false );\r\n\t\t\t\t} );\r\n\r\n\t\t\t\tfunction incrementCounter() {\r\n\t\t\t\t\tcounter++;\r\n\t\t\t\t\tif ( counter === len ) {\r\n\t\t\t\t\t\tdebugger;\r\n\t\t\t\t\t\tsetHeightColumns();\r\n\t\t\t\t\t}\r\n\t\t\t\t}*\/\r\n\t\t\t}\r\n\t\t\t\r\n\t\t\tsetTimeout(checkImagesLoad, 2000);\r\n\t\t\tjQuery(window).on('resize',function(){\r\n\t\t\t\tvar screenWidth = jQuery(this).width();\r\n\r\n\r\n\t\t\t\tif(screenWidth > 1199){\r\n\t\t\t\t\t\r\n\t\t\t\t\tif(document.readyState == 'complete')\r\n\t\t\t\t\t checkImagesLoad();\r\n\t\t\t\t}\r\n\t\t\t\telse{\r\n\t\t\t\t\tjQuery('.decm_event_display_0 .ecs-event-posts').each(function(){\r\n\t\t\t\t\t\tvar id = jQuery(this).children('article')[0].id;\r\n\t\t\t\t\t\t\r\n\t\tjQuery('.decm_event_display_0 #'+id+' .row > div:first-child').css('height','100%');\r\n\t\tjQuery('.decm_event_display_0 #'+id+' .row > div:last-child').css('height','100%');\r\n\t\tjQuery('.decm_event_display_0 p.ecs-showdetail').css({\"position\":\"unset\",\"width\":\"auto\" });\r\n\t\t\r\n\t\t\t\t\t\t});\r\n\t\t\t\t}\r\n\r\n\t\t\t});\t\r\n\r\n\t\t});\t\r\n\t\t\t<\/script>\r\n\t\t\t\t\r\n\t\t\t\n\t\t\t\t<\/div>\n\t\t\t<\/div><\/p>\n","protected":false},"author":1,"featured_media":0,"parent":0,"menu_order":0,"comment_status":"closed","ping_status":"closed","template":"","meta":{"_et_pb_use_builder":"on","_et_pb_old_content":"","_et_gb_content_width":"","footnotes":""},"class_list":["post-877","page","type-page","status-publish","hentry"],"yoast_head":"<!-- This site is optimized with the Yoast SEO plugin v27.5 - https:\/\/yoast.com\/product\/yoast-seo-wordpress\/ -->\n<title>Events - Babka Deli<\/title>\n<meta name=\"robots\" content=\"index, follow, max-snippet:-1, max-image-preview:large, max-video-preview:-1\" \/>\n<link rel=\"canonical\" href=\"https:\/\/www.babkadeli.hu\/en\/babka-events\/\" \/>\n<meta property=\"og:locale\" content=\"en_US\" \/>\n<meta property=\"og:type\" content=\"article\" \/>\n<meta property=\"og:title\" content=\"Events - Babka Deli\" \/>\n<meta property=\"og:description\" content=\"Events\" \/>\n<meta property=\"og:url\" content=\"https:\/\/www.babkadeli.hu\/en\/babka-events\/\" \/>\n<meta property=\"og:site_name\" content=\"Babka Deli\" \/>\n<meta property=\"article:modified_time\" content=\"2024-03-05T22:03:54+00:00\" \/>\n<meta name=\"twitter:card\" content=\"summary_large_image\" \/>\n<meta name=\"twitter:label1\" content=\"Est. reading time\" \/>\n\t<meta name=\"twitter:data1\" content=\"2 minutes\" \/>\n<script type=\"application\/ld+json\" class=\"yoast-schema-graph\">{\"@context\":\"https:\\\/\\\/schema.org\",\"@graph\":[{\"@type\":\"WebPage\",\"@id\":\"https:\\\/\\\/www.babkadeli.hu\\\/en\\\/babka-events\\\/\",\"url\":\"https:\\\/\\\/www.babkadeli.hu\\\/en\\\/babka-events\\\/\",\"name\":\"Events - Babka Deli\",\"isPartOf\":{\"@id\":\"https:\\\/\\\/www.babkadeli.hu\\\/#website\"},\"datePublished\":\"2024-02-27T11:16:47+00:00\",\"dateModified\":\"2024-03-05T22:03:54+00:00\",\"breadcrumb\":{\"@id\":\"https:\\\/\\\/www.babkadeli.hu\\\/en\\\/babka-events\\\/#breadcrumb\"},\"inLanguage\":\"en-US\",\"potentialAction\":[{\"@type\":\"ReadAction\",\"target\":[\"https:\\\/\\\/www.babkadeli.hu\\\/en\\\/babka-events\\\/\"]}]},{\"@type\":\"BreadcrumbList\",\"@id\":\"https:\\\/\\\/www.babkadeli.hu\\\/en\\\/babka-events\\\/#breadcrumb\",\"itemListElement\":[{\"@type\":\"ListItem\",\"position\":1,\"name\":\"Home\",\"item\":\"https:\\\/\\\/www.babkadeli.hu\\\/en\\\/\"},{\"@type\":\"ListItem\",\"position\":2,\"name\":\"Events\"}]},{\"@type\":\"WebSite\",\"@id\":\"https:\\\/\\\/www.babkadeli.hu\\\/#website\",\"url\":\"https:\\\/\\\/www.babkadeli.hu\\\/\",\"name\":\"Babka Deli\",\"description\":\"\",\"potentialAction\":[{\"@type\":\"SearchAction\",\"target\":{\"@type\":\"EntryPoint\",\"urlTemplate\":\"https:\\\/\\\/www.babkadeli.hu\\\/?s={search_term_string}\"},\"query-input\":{\"@type\":\"PropertyValueSpecification\",\"valueRequired\":true,\"valueName\":\"search_term_string\"}}],\"inLanguage\":\"en-US\"}]}<\/script>\n<!-- \/ Yoast SEO plugin. -->","yoast_head_json":{"title":"Events - Babka Deli","robots":{"index":"index","follow":"follow","max-snippet":"max-snippet:-1","max-image-preview":"max-image-preview:large","max-video-preview":"max-video-preview:-1"},"canonical":"https:\/\/www.babkadeli.hu\/en\/babka-events\/","og_locale":"en_US","og_type":"article","og_title":"Events - Babka Deli","og_description":"Events","og_url":"https:\/\/www.babkadeli.hu\/en\/babka-events\/","og_site_name":"Babka Deli","article_modified_time":"2024-03-05T22:03:54+00:00","twitter_card":"summary_large_image","twitter_misc":{"Est. reading time":"2 minutes"},"schema":{"@context":"https:\/\/schema.org","@graph":[{"@type":"WebPage","@id":"https:\/\/www.babkadeli.hu\/en\/babka-events\/","url":"https:\/\/www.babkadeli.hu\/en\/babka-events\/","name":"Events - Babka Deli","isPartOf":{"@id":"https:\/\/www.babkadeli.hu\/#website"},"datePublished":"2024-02-27T11:16:47+00:00","dateModified":"2024-03-05T22:03:54+00:00","breadcrumb":{"@id":"https:\/\/www.babkadeli.hu\/en\/babka-events\/#breadcrumb"},"inLanguage":"en-US","potentialAction":[{"@type":"ReadAction","target":["https:\/\/www.babkadeli.hu\/en\/babka-events\/"]}]},{"@type":"BreadcrumbList","@id":"https:\/\/www.babkadeli.hu\/en\/babka-events\/#breadcrumb","itemListElement":[{"@type":"ListItem","position":1,"name":"Home","item":"https:\/\/www.babkadeli.hu\/en\/"},{"@type":"ListItem","position":2,"name":"Events"}]},{"@type":"WebSite","@id":"https:\/\/www.babkadeli.hu\/#website","url":"https:\/\/www.babkadeli.hu\/","name":"Babka Deli","description":"","potentialAction":[{"@type":"SearchAction","target":{"@type":"EntryPoint","urlTemplate":"https:\/\/www.babkadeli.hu\/?s={search_term_string}"},"query-input":{"@type":"PropertyValueSpecification","valueRequired":true,"valueName":"search_term_string"}}],"inLanguage":"en-US"}]}},"_links":{"self":[{"href":"https:\/\/www.babkadeli.hu\/en\/wp-json\/wp\/v2\/pages\/877","targetHints":{"allow":["GET"]}}],"collection":[{"href":"https:\/\/www.babkadeli.hu\/en\/wp-json\/wp\/v2\/pages"}],"about":[{"href":"https:\/\/www.babkadeli.hu\/en\/wp-json\/wp\/v2\/types\/page"}],"author":[{"embeddable":true,"href":"https:\/\/www.babkadeli.hu\/en\/wp-json\/wp\/v2\/users\/1"}],"replies":[{"embeddable":true,"href":"https:\/\/www.babkadeli.hu\/en\/wp-json\/wp\/v2\/comments?post=877"}],"version-history":[{"count":0,"href":"https:\/\/www.babkadeli.hu\/en\/wp-json\/wp\/v2\/pages\/877\/revisions"}],"wp:attachment":[{"href":"https:\/\/www.babkadeli.hu\/en\/wp-json\/wp\/v2\/media?parent=877"}],"curies":[{"name":"wp","href":"https:\/\/api.w.org\/{rel}","templated":true}]}}