{"id":1037,"date":"2024-03-06T11:11:05","date_gmt":"2024-03-06T10:11:05","guid":{"rendered":"https:\/\/www.babkadeli.hu\/cart\/"},"modified":"2024-03-06T11:11:05","modified_gmt":"2024-03-06T10:11:05","slug":"cart","status":"publish","type":"page","link":"https:\/\/www.babkadeli.hu\/en\/cart\/","title":{"rendered":"Cart"},"content":{"rendered":"\n<div data-block-name=\"woocommerce\/cart\" class=\"wp-block-woocommerce-cart alignwide is-loading\">\n<div data-block-name=\"woocommerce\/filled-cart-block\" class=\"wp-block-woocommerce-filled-cart-block\">\n<div data-block-name=\"woocommerce\/cart-items-block\" class=\"wp-block-woocommerce-cart-items-block\">\n<div data-block-name=\"woocommerce\/cart-line-items-block\" class=\"wp-block-woocommerce-cart-line-items-block\"><\/div>\n\n\n\n<div data-block-name=\"woocommerce\/cart-cross-sells-block\" class=\"wp-block-woocommerce-cart-cross-sells-block\">\n<h2 class=\"wp-block-heading has-large-font-size\">Tal\u00e1n \u00e9rdekelhetnek ezek&#8230;<\/h2>\n\n\n\n<div data-block-name=\"woocommerce\/cart-cross-sells-products-block\" class=\"wp-block-woocommerce-cart-cross-sells-products-block\"><\/div>\n<\/div>\n<\/div>\n\n\n\n<div data-block-name=\"woocommerce\/cart-totals-block\" class=\"wp-block-woocommerce-cart-totals-block\">\n<div data-block-name=\"woocommerce\/cart-order-summary-block\" class=\"wp-block-woocommerce-cart-order-summary-block\">\n<div data-block-name=\"woocommerce\/cart-order-summary-heading-block\" class=\"wp-block-woocommerce-cart-order-summary-heading-block\"><\/div><div data-block-name=\"woocommerce\/cart-order-summary-coupon-form-block\" class=\"wp-block-woocommerce-cart-order-summary-coupon-form-block\"><\/div><div data-block-name=\"woocommerce\/cart-order-summary-totals-block\" class=\"wp-block-woocommerce-cart-order-summary-totals-block\">\n<div data-block-name=\"woocommerce\/cart-order-summary-subtotal-block\" class=\"wp-block-woocommerce-cart-order-summary-subtotal-block\"><\/div>\n<div data-block-name=\"woocommerce\/cart-order-summary-discount-block\" class=\"wp-block-woocommerce-cart-order-summary-discount-block\"><\/div>\n<div data-block-name=\"woocommerce\/cart-order-summary-fee-block\" class=\"wp-block-woocommerce-cart-order-summary-fee-block\"><\/div>\n<div data-block-name=\"woocommerce\/cart-order-summary-shipping-block\" class=\"wp-block-woocommerce-cart-order-summary-shipping-block\"><\/div>\n<div data-block-name=\"woocommerce\/cart-order-summary-taxes-block\" class=\"wp-block-woocommerce-cart-order-summary-taxes-block\"><\/div><\/div>\n<\/div>\n\n\n\n<div data-block-name=\"woocommerce\/cart-express-payment-block\" class=\"wp-block-woocommerce-cart-express-payment-block\"><\/div>\n\n\n\n<div data-block-name=\"woocommerce\/proceed-to-checkout-block\" class=\"wp-block-woocommerce-proceed-to-checkout-block\"><\/div>\n\n\n\n<div data-block-name=\"woocommerce\/cart-accepted-payment-methods-block\" class=\"wp-block-woocommerce-cart-accepted-payment-methods-block\"><\/div>\n<\/div>\n<\/div>\n\n\n\n<div data-block-name=\"woocommerce\/empty-cart-block\" class=\"wp-block-woocommerce-empty-cart-block\">\n<h2 class=\"wp-block-heading has-text-align-center with-empty-cart-icon wc-block-cart__empty-cart__title\">Jelenleg \u00fcres a kosarad.<\/h2>\n\n\n\n<hr class=\"wp-block-separator has-alpha-channel-opacity is-style-dots\"\/>\n\n\n\n<h2 class=\"wp-block-heading has-text-align-center\">\u00dajdons\u00e1gok<\/h2>\n\n\n<div data-block-name=\"woocommerce\/product-new\" data-columns=\"4\" data-rows=\"1\" class=\"wc-block-grid wp-block-product-new wp-block-woocommerce-product-new wc-block-product-new has-4-columns\"><ul class=\"wc-block-grid__products\"><li class=\"wc-block-grid__product\">\n\t\t\t\t<a href=\"https:\/\/www.babkadeli.hu\/termek\/kotozott-sonka-stelcz-hentes-1kg\/\" class=\"wc-block-grid__product-link\">\n\t\t\t\t\t\n\t\t\t\t\t<div class=\"wc-block-grid__product-image\"><img loading=\"lazy\" decoding=\"async\" width=\"300\" height=\"300\" src=\"https:\/\/www.babkadeli.hu\/wp-content\/uploads\/2024\/03\/babka_marc_0429-1-300x300.jpg\" class=\"attachment-woocommerce_thumbnail size-woocommerce_thumbnail\" alt=\"K\u00f6t\u00f6z\u00f6tt sonka - Stelcz hentes (1kg)\" \/><\/div>\n\t\t\t\t\t<div class=\"wc-block-grid__product-title\">K\u00f6t\u00f6z\u00f6tt sonka &#8211; Stelcz hentes (1kg)<\/div>\n\t\t\t\t<\/a>\n\t\t\t\t<div class=\"wc-block-grid__product-price price\"><span class=\"woocommerce-Price-amount amount\">8.900&nbsp;<span class=\"woocommerce-Price-currencySymbol\">&#070;&#116;<\/span><\/span><br><span class=\"mcmp_recalc_price_row\"><span class=\"mcmp_recalc_price\"><span class=\"woocommerce-Price-amount amount\">8.900&nbsp;<span class=\"woocommerce-Price-currencySymbol\">&#070;&#116;<\/span><\/span><\/span>&nbsp;<span class=\"mcmp-recalc-price-suffix woocommerce-Price-currencySymbol amount\"><span class=\"mcmp-recalc-price-suffix-preposition\">\/<\/span>kg<\/span><\/span><\/div>\n\t\t\t\t\n\t\t\t\t<div class=\"wp-block-button wc-block-grid__product-add-to-cart\"><a href=\"https:\/\/www.babkadeli.hu\/termek\/kotozott-sonka-stelcz-hentes-1kg\/\" aria-label=\"Select options for &ldquo;K\u00f6t\u00f6z\u00f6tt sonka - Stelcz hentes (1kg)&rdquo;\" data-quantity=\"1\" data-product_id=\"3400\" data-product_sku=\"\" data-price=\"8900\" rel=\"nofollow\" class=\"wp-block-button__link  add_to_cart_button\">Select options<\/a><\/div>\n\t\t\t<\/li><li class=\"wc-block-grid__product\">\n\t\t\t\t<a href=\"https:\/\/www.babkadeli.hu\/en\/termek\/fustolt-mangalica-kolbasz-vari-es-tarsai-1kg\/\" class=\"wc-block-grid__product-link\">\n\t\t\t\t\t\n\t\t\t\t\t<div class=\"wc-block-grid__product-image\"><img loading=\"lazy\" decoding=\"async\" width=\"300\" height=\"300\" src=\"https:\/\/www.babkadeli.hu\/wp-content\/uploads\/2025\/03\/Svab-Fustolt-Mangalica-Kolbasz-_-husvet-300x300.jpeg\" class=\"attachment-woocommerce_thumbnail size-woocommerce_thumbnail\" alt=\"F\u00fcst\u00f6lt mangalica kolb\u00e1sz - V\u00e1ri \u00e9s T\u00e1rsai (500g)\" \/><\/div>\n\t\t\t\t\t<div class=\"wc-block-grid__product-title\">F\u00fcst\u00f6lt mangalica kolb\u00e1sz &#8211; V\u00e1ri \u00e9s T\u00e1rsai (500g)<\/div>\n\t\t\t\t<\/a>\n\t\t\t\t<div class=\"wc-block-grid__product-price price\"><span class=\"woocommerce-Price-amount amount\">3.750&nbsp;<span class=\"woocommerce-Price-currencySymbol\">&#070;&#116;<\/span><\/span><br><span class=\"mcmp_recalc_price_row\"><span class=\"mcmp_recalc_price\"><span class=\"woocommerce-Price-amount amount\">7.500&nbsp;<span class=\"woocommerce-Price-currencySymbol\">&#070;&#116;<\/span><\/span><\/span>&nbsp;<span class=\"mcmp-recalc-price-suffix woocommerce-Price-currencySymbol amount\"><span class=\"mcmp-recalc-price-suffix-preposition\">\/<\/span>kg<\/span><\/span><\/div>\n\t\t\t\t\n\t\t\t\t<div class=\"wp-block-button wc-block-grid__product-add-to-cart\"><a href=\"https:\/\/www.babkadeli.hu\/en\/termek\/fustolt-mangalica-kolbasz-vari-es-tarsai-1kg\/\" aria-label=\"Select options for &ldquo;F\u00fcst\u00f6lt mangalica kolb\u00e1sz - V\u00e1ri \u00e9s T\u00e1rsai (500g)&rdquo;\" data-quantity=\"1\" data-product_id=\"3140\" data-product_sku=\"\" data-price=\"3750\" rel=\"nofollow\" class=\"wp-block-button__link  add_to_cart_button\">Select options<\/a><\/div>\n\t\t\t<\/li><li class=\"wc-block-grid__product\">\n\t\t\t\t<a href=\"https:\/\/www.babkadeli.hu\/en\/termek\/mester-miki-babka-panettone-500g\/\" class=\"wc-block-grid__product-link\">\n\t\t\t\t\t\n\t\t\t\t\t<div class=\"wc-block-grid__product-image\"><img loading=\"lazy\" decoding=\"async\" width=\"300\" height=\"300\" src=\"https:\/\/www.babkadeli.hu\/wp-content\/uploads\/2024\/11\/babka_viktorhugo_4339-2-300x300.jpg\" class=\"attachment-woocommerce_thumbnail size-woocommerce_thumbnail\" alt=\"Mester Miki &quot;Babka&quot; Panettone 500g\" \/><\/div>\n\t\t\t\t\t<div class=\"wc-block-grid__product-title\">Mester Miki &#8220;Babka&#8221; Panettone 500g<\/div>\n\t\t\t\t<\/a>\n\t\t\t\t<div class=\"wc-block-grid__product-price price\"><span class=\"woocommerce-Price-amount amount\">9.800&nbsp;<span class=\"woocommerce-Price-currencySymbol\">&#070;&#116;<\/span><\/span><\/div>\n\t\t\t\t\n\t\t\t\t<div class=\"wp-block-button wc-block-grid__product-add-to-cart\"><a href=\"https:\/\/www.babkadeli.hu\/en\/termek\/mester-miki-babka-panettone-500g\/\" aria-label=\"Select options for &ldquo;Mester Miki &quot;Babka&quot; Panettone 500g&rdquo;\" data-quantity=\"1\" data-product_id=\"2988\" data-product_sku=\"\" data-price=\"9800\" rel=\"nofollow\" class=\"wp-block-button__link  add_to_cart_button\">Select options<\/a><\/div>\n\t\t\t<\/li><li class=\"wc-block-grid__product\">\n\t\t\t\t<a href=\"https:\/\/www.babkadeli.hu\/termek\/banyai-csokis-kuglof-szemes-kave-1-kg\/\" class=\"wc-block-grid__product-link\">\n\t\t\t\t\t\n\t\t\t\t\t<div class=\"wc-block-grid__product-image\"><img loading=\"lazy\" decoding=\"async\" width=\"300\" height=\"300\" src=\"https:\/\/www.babkadeli.hu\/wp-content\/uploads\/2025\/01\/a460607c-b345-11ec-a3e0-fe89f59531ee__dsc8133-300x300.jpeg\" class=\"attachment-woocommerce_thumbnail size-woocommerce_thumbnail\" alt=\"B\u00c1NYAI csokis kugl\u00f3f szemes k\u00e1v\u00e9 (1 kg)\" \/><\/div>\n\t\t\t\t\t<div class=\"wc-block-grid__product-title\">B\u00c1NYAI csokis kugl\u00f3f szemes k\u00e1v\u00e9 (1 kg)<\/div>\n\t\t\t\t<\/a>\n\t\t\t\t<div class=\"wc-block-grid__product-price price\"><span class=\"woocommerce-Price-amount amount\">21.000&nbsp;<span class=\"woocommerce-Price-currencySymbol\">&#070;&#116;<\/span><\/span><\/div>\n\t\t\t\t\n\t\t\t\t<div class=\"wp-block-button wc-block-grid__product-add-to-cart\"><a href=\"\/en\/wp-json\/wp\/v2\/pages\/1037?add-to-cart=2929\" aria-label=\"Add to cart: &ldquo;B\u00c1NYAI csokis kugl\u00f3f szemes k\u00e1v\u00e9 (1 kg)&rdquo;\" data-quantity=\"1\" data-product_id=\"2929\" data-product_sku=\"\" data-price=\"21000\" rel=\"nofollow\" class=\"wp-block-button__link  add_to_cart_button ajax_add_to_cart\">Add to cart<\/a><\/div>\n\t\t\t<\/li><\/ul><\/div><\/div>\n<\/div>\n","protected":false},"excerpt":{"rendered":"<p>Tal\u00e1n \u00e9rdekelhetnek ezek&#8230; Jelenleg \u00fcres a kosarad. \u00dajdons\u00e1gok<\/p>\n","protected":false},"author":2,"featured_media":0,"parent":0,"menu_order":0,"comment_status":"closed","ping_status":"closed","template":"","meta":{"_et_pb_use_builder":"on","_et_pb_old_content":"","_et_gb_content_width":"","footnotes":""},"class_list":["post-1037","page","type-page","status-publish","hentry"],"yoast_head":"<!-- This site is optimized with the Yoast SEO plugin v27.5 - https:\/\/yoast.com\/product\/yoast-seo-wordpress\/ -->\n<title>Cart - Babka Deli<\/title>\n<meta name=\"robots\" content=\"index, follow, max-snippet:-1, max-image-preview:large, max-video-preview:-1\" \/>\n<link rel=\"canonical\" href=\"https:\/\/www.babkadeli.hu\/kosar\/\" \/>\n<meta property=\"og:locale\" content=\"en_US\" \/>\n<meta property=\"og:type\" content=\"article\" \/>\n<meta property=\"og:title\" content=\"Cart - Babka Deli\" \/>\n<meta property=\"og:description\" content=\"Tal\u00e1n \u00e9rdekelhetnek ezek... Jelenleg \u00fcres a kosarad. \u00dajdons\u00e1gok\" \/>\n<meta property=\"og:url\" content=\"https:\/\/www.babkadeli.hu\/kosar\/\" \/>\n<meta property=\"og:site_name\" content=\"Babka Deli\" \/>\n<meta name=\"twitter:card\" content=\"summary_large_image\" \/>\n<script type=\"application\/ld+json\" class=\"yoast-schema-graph\">{\"@context\":\"https:\\\/\\\/schema.org\",\"@graph\":[{\"@type\":\"WebPage\",\"@id\":\"https:\\\/\\\/www.babkadeli.hu\\\/kosar\\\/\",\"url\":\"https:\\\/\\\/www.babkadeli.hu\\\/kosar\\\/\",\"name\":\"Cart - Babka Deli\",\"isPartOf\":{\"@id\":\"https:\\\/\\\/www.babkadeli.hu\\\/#website\"},\"datePublished\":\"2024-03-06T10:11:05+00:00\",\"breadcrumb\":{\"@id\":\"https:\\\/\\\/www.babkadeli.hu\\\/kosar\\\/#breadcrumb\"},\"inLanguage\":\"en-US\",\"potentialAction\":[{\"@type\":\"ReadAction\",\"target\":[\"https:\\\/\\\/www.babkadeli.hu\\\/kosar\\\/\"]}]},{\"@type\":\"BreadcrumbList\",\"@id\":\"https:\\\/\\\/www.babkadeli.hu\\\/kosar\\\/#breadcrumb\",\"itemListElement\":[{\"@type\":\"ListItem\",\"position\":1,\"name\":\"Home\",\"item\":\"https:\\\/\\\/www.babkadeli.hu\\\/en\\\/\"},{\"@type\":\"ListItem\",\"position\":2,\"name\":\"Cart\"}]},{\"@type\":\"WebSite\",\"@id\":\"https:\\\/\\\/www.babkadeli.hu\\\/#website\",\"url\":\"https:\\\/\\\/www.babkadeli.hu\\\/\",\"name\":\"Babka Deli\",\"description\":\"\",\"potentialAction\":[{\"@type\":\"SearchAction\",\"target\":{\"@type\":\"EntryPoint\",\"urlTemplate\":\"https:\\\/\\\/www.babkadeli.hu\\\/?s={search_term_string}\"},\"query-input\":{\"@type\":\"PropertyValueSpecification\",\"valueRequired\":true,\"valueName\":\"search_term_string\"}}],\"inLanguage\":\"en-US\"}]}<\/script>\n<!-- \/ Yoast SEO plugin. -->","yoast_head_json":{"title":"Cart - Babka Deli","robots":{"index":"index","follow":"follow","max-snippet":"max-snippet:-1","max-image-preview":"max-image-preview:large","max-video-preview":"max-video-preview:-1"},"canonical":"https:\/\/www.babkadeli.hu\/kosar\/","og_locale":"en_US","og_type":"article","og_title":"Cart - Babka Deli","og_description":"Tal\u00e1n \u00e9rdekelhetnek ezek... Jelenleg \u00fcres a kosarad. \u00dajdons\u00e1gok","og_url":"https:\/\/www.babkadeli.hu\/kosar\/","og_site_name":"Babka Deli","twitter_card":"summary_large_image","schema":{"@context":"https:\/\/schema.org","@graph":[{"@type":"WebPage","@id":"https:\/\/www.babkadeli.hu\/kosar\/","url":"https:\/\/www.babkadeli.hu\/kosar\/","name":"Cart - Babka Deli","isPartOf":{"@id":"https:\/\/www.babkadeli.hu\/#website"},"datePublished":"2024-03-06T10:11:05+00:00","breadcrumb":{"@id":"https:\/\/www.babkadeli.hu\/kosar\/#breadcrumb"},"inLanguage":"en-US","potentialAction":[{"@type":"ReadAction","target":["https:\/\/www.babkadeli.hu\/kosar\/"]}]},{"@type":"BreadcrumbList","@id":"https:\/\/www.babkadeli.hu\/kosar\/#breadcrumb","itemListElement":[{"@type":"ListItem","position":1,"name":"Home","item":"https:\/\/www.babkadeli.hu\/en\/"},{"@type":"ListItem","position":2,"name":"Cart"}]},{"@type":"WebSite","@id":"https:\/\/www.babkadeli.hu\/#website","url":"https:\/\/www.babkadeli.hu\/","name":"Babka Deli","description":"","potentialAction":[{"@type":"SearchAction","target":{"@type":"EntryPoint","urlTemplate":"https:\/\/www.babkadeli.hu\/?s={search_term_string}"},"query-input":{"@type":"PropertyValueSpecification","valueRequired":true,"valueName":"search_term_string"}}],"inLanguage":"en-US"}]}},"_links":{"self":[{"href":"https:\/\/www.babkadeli.hu\/en\/wp-json\/wp\/v2\/pages\/1037","targetHints":{"allow":["GET"]}}],"collection":[{"href":"https:\/\/www.babkadeli.hu\/en\/wp-json\/wp\/v2\/pages"}],"about":[{"href":"https:\/\/www.babkadeli.hu\/en\/wp-json\/wp\/v2\/types\/page"}],"author":[{"embeddable":true,"href":"https:\/\/www.babkadeli.hu\/en\/wp-json\/wp\/v2\/users\/2"}],"replies":[{"embeddable":true,"href":"https:\/\/www.babkadeli.hu\/en\/wp-json\/wp\/v2\/comments?post=1037"}],"version-history":[{"count":0,"href":"https:\/\/www.babkadeli.hu\/en\/wp-json\/wp\/v2\/pages\/1037\/revisions"}],"wp:attachment":[{"href":"https:\/\/www.babkadeli.hu\/en\/wp-json\/wp\/v2\/media?parent=1037"}],"curies":[{"name":"wp","href":"https:\/\/api.w.org\/{rel}","templated":true}]}}